{"id":83,"date":"2025-09-24T13:56:30","date_gmt":"2025-09-24T13:56:30","guid":{"rendered":"https:\/\/luku25.bixoko.com\/?page_id=83"},"modified":"2026-03-06T11:26:07","modified_gmt":"2026-03-06T11:26:07","slug":"accueil","status":"publish","type":"page","link":"https:\/\/mattinluku.eus\/fr\/","title":{"rendered":"ACCUEIL"},"content":{"rendered":"\t\t<div data-elementor-type=\"wp-page\" data-elementor-id=\"83\" class=\"elementor elementor-83\" data-elementor-post-type=\"page\">\n\t\t\t\t<div class=\"elementor-element elementor-element-5905ccc e-con-full e-flex e-con e-parent\" data-id=\"5905ccc\" data-element_type=\"container\" data-settings=\"{&quot;motion_fx_motion_fx_scrolling&quot;:&quot;yes&quot;,&quot;motion_fx_opacity_effect&quot;:&quot;yes&quot;,&quot;motion_fx_opacity_direction&quot;:&quot;in-out&quot;,&quot;motion_fx_opacity_range&quot;:{&quot;unit&quot;:&quot;%&quot;,&quot;size&quot;:&quot;&quot;,&quot;sizes&quot;:{&quot;start&quot;:21,&quot;end&quot;:31}},&quot;motion_fx_devices&quot;:[&quot;desktop&quot;],&quot;motion_fx_opacity_level&quot;:{&quot;unit&quot;:&quot;px&quot;,&quot;size&quot;:10,&quot;sizes&quot;:[]}}\">\n\t\t<div class=\"elementor-element elementor-element-c142303 e-con-full e-flex e-con e-child\" data-id=\"c142303\" data-element_type=\"container\" data-settings=\"{&quot;background_background&quot;:&quot;classic&quot;}\">\n\t\t\t\t<\/div>\n\t\t<div class=\"elementor-element elementor-element-3e0a994 e-con-full e-flex e-con e-child\" data-id=\"3e0a994\" data-element_type=\"container\">\n\t\t<div class=\"elementor-element elementor-element-644d773 e-con-full e-flex e-con e-child\" data-id=\"644d773\" data-element_type=\"container\">\n\t\t\t\t<div class=\"elementor-element elementor-element-a43475f elementor-widget elementor-widget-image\" data-id=\"a43475f\" data-element_type=\"widget\" data-widget_type=\"image.default\">\n\t\t\t\t\t\t\t\t\t\t\t\t\t\t\t<img alt=\"\" decoding=\"async\" width=\"408\" height=\"16\" src=\"https:\/\/mattinluku.eus\/wp-content\/uploads\/2025\/09\/Vector.png\" class=\"attachment-full size-full wp-image-31\" alt=\"\" srcset=\"https:\/\/mattinluku.eus\/wp-content\/uploads\/2025\/09\/Vector.png 408w, https:\/\/mattinluku.eus\/wp-content\/uploads\/2025\/09\/Vector-300x12.png 300w\" sizes=\"(max-width: 408px) 100vw, 408px\" \/>\t\t\t\t\t\t\t\t\t\t\t\t\t\t\t<\/div>\n\t\t\t\t<div class=\"elementor-element elementor-element-b4214ce elementor-widget__width-initial elementor-widget elementor-widget-heading\" data-id=\"b4214ce\" data-element_type=\"widget\" data-widget_type=\"heading.default\">\n\t\t\t\t\t<h1 class=\"elementor-heading-title elementor-size-default\">LUTHIER <br \/>ACCORD\u00c9ON <br \/>TRIKITIXA<\/h1>\t\t\t\t<\/div>\n\t\t\t\t<\/div>\n\t\t\t\t<div class=\"elementor-element elementor-element-7a30ccd elementor-widget__width-initial elementor-widget elementor-widget-text-editor\" data-id=\"7a30ccd\" data-element_type=\"widget\" data-widget_type=\"text-editor.default\">\n\t\t\t\t\t\t\t\t\t<p>Dans mon atelier \u00e0 Urrugne, je prends en charge l\u2019entretien, la r\u00e9paration et l\u2019accordage d\u2019accord\u00e9ons et de trikitixa. J\u2019assure l\u2019installation de syst\u00e8mes de microphones internes, pour les musiciens souhaitant jouer amplifi\u00e9s. Un service de location et de vente d\u2019instruments d\u2019occasion est \u00e9galement propos\u00e9.<\/p>\t\t\t\t\t\t\t\t<\/div>\n\t\t\t\t<\/div>\n\t\t\t\t<\/div>\n\t\t<div class=\"elementor-element elementor-element-cdd3053 e-con-full e-flex e-con e-parent\" data-id=\"cdd3053\" data-element_type=\"container\" data-settings=\"{&quot;motion_fx_motion_fx_scrolling&quot;:&quot;yes&quot;,&quot;motion_fx_opacity_effect&quot;:&quot;yes&quot;,&quot;motion_fx_opacity_range&quot;:{&quot;unit&quot;:&quot;%&quot;,&quot;size&quot;:&quot;&quot;,&quot;sizes&quot;:{&quot;start&quot;:24,&quot;end&quot;:34}},&quot;motion_fx_devices&quot;:[&quot;desktop&quot;],&quot;motion_fx_opacity_direction&quot;:&quot;out-in&quot;,&quot;motion_fx_opacity_level&quot;:{&quot;unit&quot;:&quot;px&quot;,&quot;size&quot;:10,&quot;sizes&quot;:[]}}\">\n\t\t<div class=\"elementor-element elementor-element-7829693 e-con-full e-flex e-con e-child\" data-id=\"7829693\" data-element_type=\"container\">\n\t\t\t\t<div class=\"elementor-element elementor-element-a4aedc2 elementor-widget__width-initial elementor-widget elementor-widget-heading\" data-id=\"a4aedc2\" data-element_type=\"widget\" data-widget_type=\"heading.default\">\n\t\t\t\t\t<h3 class=\"elementor-heading-title elementor-size-default\">Atelier<\/h3>\t\t\t\t<\/div>\n\t\t<div class=\"elementor-element elementor-element-3fb68fc e-con-full e-flex e-con e-child\" data-id=\"3fb68fc\" data-element_type=\"container\" id=\"photos-prestations\" data-settings=\"{&quot;background_background&quot;:&quot;classic&quot;}\">\n\t\t\t\t<\/div>\n\t\t\t\t<\/div>\n\t\t<div class=\"elementor-element elementor-element-8f4f282 e-con-full e-flex e-con e-child\" data-id=\"8f4f282\" data-element_type=\"container\">\n\t\t\t\t<div class=\"elementor-element elementor-element-ad07943 elementor-widget__width-initial elementor-widget elementor-widget-heading\" data-id=\"ad07943\" data-element_type=\"widget\" data-widget_type=\"heading.default\">\n\t\t\t\t\t<h2 class=\"elementor-heading-title elementor-size-default\">R\u00e9glage et r\u00e9paration de<br \/>vos instruments<\/h2>\t\t\t\t<\/div>\n\t\t<div class=\"elementor-element elementor-element-85a2454 e-con-full e-flex e-con e-child\" data-id=\"85a2454\" data-element_type=\"container\">\n\t\t<div class=\"elementor-element elementor-element-e72d8f9 e-con-full e-flex e-con e-child\" data-id=\"e72d8f9\" data-element_type=\"container\" id=\"reparation\">\n\t\t<a class=\"elementor-element elementor-element-f7e8c32 e-con-full e-flex e-con e-child\" data-id=\"f7e8c32\" data-element_type=\"container\" href=\"\/fr\/reparation\">\n\t\t<div class=\"elementor-element elementor-element-09b9d43 e-con-full e-flex e-con e-child\" data-id=\"09b9d43\" data-element_type=\"container\">\n\t\t\t\t<div class=\"elementor-element elementor-element-d78ef65 elementor-widget__width-initial elementor-widget elementor-widget-heading\" data-id=\"d78ef65\" data-element_type=\"widget\" data-widget_type=\"heading.default\">\n\t\t\t\t\t<div class=\"elementor-heading-title elementor-size-default\">01<\/div>\t\t\t\t<\/div>\n\t\t\t\t<div class=\"elementor-element elementor-element-a07b0ef elementor-widget__width-initial elementor-widget elementor-widget-heading\" data-id=\"a07b0ef\" data-element_type=\"widget\" data-widget_type=\"heading.default\">\n\t\t\t\t\t<div class=\"elementor-heading-title elementor-size-default\">R\u00c9PARATION<\/div>\t\t\t\t<\/div>\n\t\t\t\t<\/div>\n\t\t\t\t<div class=\"elementor-element elementor-element-74ac200 elementor-widget elementor-widget-image\" data-id=\"74ac200\" data-element_type=\"widget\" data-widget_type=\"image.default\">\n\t\t\t\t\t\t\t\t\t\t\t\t\t\t\t<img alt=\"\" decoding=\"async\" width=\"32\" height=\"28\" src=\"https:\/\/mattinluku.eus\/wp-content\/uploads\/2025\/09\/arrow.svg\" class=\"attachment-full size-full wp-image-37\" alt=\"\" \/>\t\t\t\t\t\t\t\t\t\t\t\t\t\t\t<\/div>\n\t\t\t\t<\/a>\n\t\t\t\t<\/div>\n\t\t<a class=\"elementor-element elementor-element-62d4c36 e-con-full e-flex e-con e-child\" data-id=\"62d4c36\" data-element_type=\"container\" id=\"accordage\" href=\"\/fr\/accordage\">\n\t\t<div class=\"elementor-element elementor-element-84de872 e-con-full e-flex e-con e-child\" data-id=\"84de872\" data-element_type=\"container\">\n\t\t<div class=\"elementor-element elementor-element-cbdbd45 e-con-full e-flex e-con e-child\" data-id=\"cbdbd45\" data-element_type=\"container\">\n\t\t\t\t<div class=\"elementor-element elementor-element-3870069 elementor-widget__width-initial elementor-widget elementor-widget-heading\" data-id=\"3870069\" data-element_type=\"widget\" data-widget_type=\"heading.default\">\n\t\t\t\t\t<div class=\"elementor-heading-title elementor-size-default\">02<\/div>\t\t\t\t<\/div>\n\t\t\t\t<div class=\"elementor-element elementor-element-d0478d2 elementor-widget__width-initial elementor-widget elementor-widget-heading\" data-id=\"d0478d2\" data-element_type=\"widget\" data-widget_type=\"heading.default\">\n\t\t\t\t\t<div class=\"elementor-heading-title elementor-size-default\">ACCORDAGE<\/div>\t\t\t\t<\/div>\n\t\t\t\t<\/div>\n\t\t\t\t<div class=\"elementor-element elementor-element-d0dc347 elementor-widget elementor-widget-image\" data-id=\"d0dc347\" data-element_type=\"widget\" data-widget_type=\"image.default\">\n\t\t\t\t\t\t\t\t\t\t\t\t\t\t\t<img alt=\"\" decoding=\"async\" width=\"32\" height=\"28\" src=\"https:\/\/mattinluku.eus\/wp-content\/uploads\/2025\/09\/arrow.svg\" class=\"attachment-full size-full wp-image-37\" alt=\"\" \/>\t\t\t\t\t\t\t\t\t\t\t\t\t\t\t<\/div>\n\t\t\t\t<\/div>\n\t\t\t\t<\/a>\n\t\t<a class=\"elementor-element elementor-element-6fa1e0d e-con-full e-flex e-con e-child\" data-id=\"6fa1e0d\" data-element_type=\"container\" id=\"integration-micros\" href=\"\/fr\/integration-de-micros\/\">\n\t\t<div class=\"elementor-element elementor-element-6cf6a7a e-con-full e-flex e-con e-child\" data-id=\"6cf6a7a\" data-element_type=\"container\">\n\t\t<div class=\"elementor-element elementor-element-8db0551 e-con-full e-flex e-con e-child\" data-id=\"8db0551\" data-element_type=\"container\">\n\t\t\t\t<div class=\"elementor-element elementor-element-4f9b795 elementor-widget__width-initial elementor-widget elementor-widget-heading\" data-id=\"4f9b795\" data-element_type=\"widget\" data-widget_type=\"heading.default\">\n\t\t\t\t\t<div class=\"elementor-heading-title elementor-size-default\">03<\/div>\t\t\t\t<\/div>\n\t\t\t\t<div class=\"elementor-element elementor-element-6be1db5 elementor-widget__width-auto elementor-widget elementor-widget-heading\" data-id=\"6be1db5\" data-element_type=\"widget\" data-widget_type=\"heading.default\">\n\t\t\t\t\t<div class=\"elementor-heading-title elementor-size-default\">INT\u00c9GRATION DE MICROS<\/div>\t\t\t\t<\/div>\n\t\t\t\t<\/div>\n\t\t\t\t<div class=\"elementor-element elementor-element-0d24ac5 elementor-widget elementor-widget-image\" data-id=\"0d24ac5\" data-element_type=\"widget\" data-widget_type=\"image.default\">\n\t\t\t\t\t\t\t\t\t\t\t\t\t\t\t<img alt=\"\" decoding=\"async\" width=\"32\" height=\"28\" src=\"https:\/\/mattinluku.eus\/wp-content\/uploads\/2025\/09\/arrow.svg\" class=\"attachment-full size-full wp-image-37\" alt=\"\" \/>\t\t\t\t\t\t\t\t\t\t\t\t\t\t\t<\/div>\n\t\t\t\t<\/div>\n\t\t\t\t<\/a>\n\t\t<a class=\"elementor-element elementor-element-bc8743b e-con-full e-flex e-con e-child\" data-id=\"bc8743b\" data-element_type=\"container\" id=\"fabrication\" href=\"\/fr\/fabrication\">\n\t\t<div class=\"elementor-element elementor-element-c97dc2f e-con-full e-flex e-con e-child\" data-id=\"c97dc2f\" data-element_type=\"container\">\n\t\t<div class=\"elementor-element elementor-element-c62a136 e-con-full e-flex e-con e-child\" data-id=\"c62a136\" data-element_type=\"container\">\n\t\t\t\t<div class=\"elementor-element elementor-element-32e60a7 elementor-widget__width-initial elementor-widget elementor-widget-heading\" data-id=\"32e60a7\" data-element_type=\"widget\" data-widget_type=\"heading.default\">\n\t\t\t\t\t<div class=\"elementor-heading-title elementor-size-default\">04<\/div>\t\t\t\t<\/div>\n\t\t\t\t<div class=\"elementor-element elementor-element-6c474b3 elementor-widget__width-initial elementor-widget elementor-widget-heading\" data-id=\"6c474b3\" data-element_type=\"widget\" data-widget_type=\"heading.default\">\n\t\t\t\t\t<div class=\"elementor-heading-title elementor-size-default\">FABRICATION<\/div>\t\t\t\t<\/div>\n\t\t\t\t<\/div>\n\t\t\t\t<div class=\"elementor-element elementor-element-cf1f732 elementor-widget elementor-widget-image\" data-id=\"cf1f732\" data-element_type=\"widget\" data-widget_type=\"image.default\">\n\t\t\t\t\t\t\t\t\t\t\t\t\t\t\t<img alt=\"\" decoding=\"async\" width=\"32\" height=\"28\" src=\"https:\/\/mattinluku.eus\/wp-content\/uploads\/2025\/09\/arrow.svg\" class=\"attachment-full size-full wp-image-37\" alt=\"\" \/>\t\t\t\t\t\t\t\t\t\t\t\t\t\t\t<\/div>\n\t\t\t\t<\/div>\n\t\t\t\t<\/a>\n\t\t\t\t<\/div>\n\t\t\t\t<\/div>\n\t\t\t\t<\/div>\n\t\t<div class=\"elementor-element elementor-element-9ccb6ff e-con-full e-flex e-con e-parent\" data-id=\"9ccb6ff\" data-element_type=\"container\">\n\t\t<div class=\"elementor-element elementor-element-e23ea3c e-con-full e-flex e-con e-child\" data-id=\"e23ea3c\" data-element_type=\"container\">\n\t\t<div class=\"elementor-element elementor-element-c928a76 e-con-full e-flex e-con e-child\" data-id=\"c928a76\" data-element_type=\"container\" data-settings=\"{&quot;background_background&quot;:&quot;classic&quot;}\">\n\t\t\t\t<\/div>\n\t\t<div class=\"elementor-element elementor-element-cbdff73 e-con-full e-flex e-con e-child\" data-id=\"cbdff73\" data-element_type=\"container\" data-settings=\"{&quot;background_background&quot;:&quot;classic&quot;}\">\n\t\t\t\t<\/div>\n\t\t<div class=\"elementor-element elementor-element-99f1696 e-con-full e-flex e-con e-child\" data-id=\"99f1696\" data-element_type=\"container\" data-settings=\"{&quot;background_background&quot;:&quot;classic&quot;}\">\n\t\t\t\t<\/div>\n\t\t\t\t<\/div>\n\t\t<div class=\"elementor-element elementor-element-d6f53d0 e-con-full e-flex e-con e-child\" data-id=\"d6f53d0\" data-element_type=\"container\" data-settings=\"{&quot;sticky&quot;:&quot;top&quot;,&quot;sticky_on&quot;:[&quot;desktop&quot;],&quot;sticky_offset&quot;:80,&quot;sticky_parent&quot;:&quot;yes&quot;,&quot;animation&quot;:&quot;none&quot;,&quot;sticky_effects_offset&quot;:0,&quot;sticky_anchor_link_offset&quot;:0}\">\n\t\t<div class=\"elementor-element elementor-element-f829509 e-con-full e-flex e-con e-child\" data-id=\"f829509\" data-element_type=\"container\">\n\t\t\t\t<div class=\"elementor-element elementor-element-1d20eb0 elementor-widget__width-initial elementor-widget elementor-widget-heading\" data-id=\"1d20eb0\" data-element_type=\"widget\" data-widget_type=\"heading.default\">\n\t\t\t\t\t<h2 class=\"elementor-heading-title elementor-size-default\">Vente et location d\u2019accord\u00e9ons et trikitixas <\/h2>\t\t\t\t<\/div>\n\t\t\t\t<\/div>\n\t\t<div class=\"elementor-element elementor-element-7a51ee0 e-con-full e-flex e-con e-child\" data-id=\"7a51ee0\" data-element_type=\"container\">\n\t\t<div class=\"elementor-element elementor-element-8e7eefd e-con-full e-flex e-con e-child\" data-id=\"8e7eefd\" data-element_type=\"container\">\n\t\t\t\t<div class=\"elementor-element elementor-element-29f73c4 elementor-align-left elementor-widget elementor-widget-button\" data-id=\"29f73c4\" data-element_type=\"widget\" data-widget_type=\"button.default\">\n\t\t\t\t\t\t\t\t\t\t<a class=\"elementor-button elementor-button-link elementor-size-sm\" href=\"\/fr\/vente\">\n\t\t\t\t\t\t<span class=\"elementor-button-content-wrapper\">\n\t\t\t\t\t\t\t\t\t<span class=\"elementor-button-text\">Acheter<\/span>\n\t\t\t\t\t<\/span>\n\t\t\t\t\t<\/a>\n\t\t\t\t\t\t\t\t<\/div>\n\t\t\t\t<\/div>\n\t\t<div class=\"elementor-element elementor-element-acf4475 e-con-full e-flex e-con e-child\" data-id=\"acf4475\" data-element_type=\"container\">\n\t\t\t\t<div class=\"elementor-element elementor-element-5f174be elementor-align-left elementor-widget elementor-widget-button\" data-id=\"5f174be\" data-element_type=\"widget\" data-widget_type=\"button.default\">\n\t\t\t\t\t\t\t\t\t\t<a class=\"elementor-button elementor-button-link elementor-size-sm\" href=\"\/fr\/location\">\n\t\t\t\t\t\t<span class=\"elementor-button-content-wrapper\">\n\t\t\t\t\t\t\t\t\t<span class=\"elementor-button-text\">Louer<\/span>\n\t\t\t\t\t<\/span>\n\t\t\t\t\t<\/a>\n\t\t\t\t\t\t\t\t<\/div>\n\t\t\t\t<\/div>\n\t\t\t\t<\/div>\n\t\t\t\t<\/div>\n\t\t\t\t<\/div>\n\t\t<div class=\"elementor-element elementor-element-a28c5a2 e-con-full e-flex e-con e-parent\" data-id=\"a28c5a2\" data-element_type=\"container\">\n\t\t<div class=\"elementor-element elementor-element-d43c035 e-con-full e-flex e-con e-child\" data-id=\"d43c035\" data-element_type=\"container\">\n\t\t<div class=\"elementor-element elementor-element-b2ea4dd e-con-full e-flex e-con e-child\" data-id=\"b2ea4dd\" data-element_type=\"container\">\n\t\t\t\t<div class=\"elementor-element elementor-element-8c99387 elementor-widget elementor-widget-image\" data-id=\"8c99387\" data-element_type=\"widget\" data-widget_type=\"image.default\">\n\t\t\t\t\t\t\t\t\t\t\t\t\t\t\t<img fetchpriority=\"high\" decoding=\"async\" width=\"650\" height=\"1024\" src=\"https:\/\/mattinluku.eus\/wp-content\/uploads\/2025\/09\/5478e8a92c85cb93dffa3c52739cfbfef9e7f700-650x1024.png\" class=\"attachment-large size-large wp-image-346\" alt=\"Mattin Luku artisan luthier\" srcset=\"https:\/\/mattinluku.eus\/wp-content\/uploads\/2025\/09\/5478e8a92c85cb93dffa3c52739cfbfef9e7f700-650x1024.png 650w, https:\/\/mattinluku.eus\/wp-content\/uploads\/2025\/09\/5478e8a92c85cb93dffa3c52739cfbfef9e7f700-191x300.png 191w, https:\/\/mattinluku.eus\/wp-content\/uploads\/2025\/09\/5478e8a92c85cb93dffa3c52739cfbfef9e7f700-768x1209.png 768w, https:\/\/mattinluku.eus\/wp-content\/uploads\/2025\/09\/5478e8a92c85cb93dffa3c52739cfbfef9e7f700-976x1536.png 976w, https:\/\/mattinluku.eus\/wp-content\/uploads\/2025\/09\/5478e8a92c85cb93dffa3c52739cfbfef9e7f700-1301x2048.png 1301w, https:\/\/mattinluku.eus\/wp-content\/uploads\/2025\/09\/5478e8a92c85cb93dffa3c52739cfbfef9e7f700-scaled.png 1626w\" sizes=\"(max-width: 650px) 100vw, 650px\" \/>\t\t\t\t\t\t\t\t\t\t\t\t\t\t\t<\/div>\n\t\t\t\t<\/div>\n\t\t\t\t<\/div>\n\t\t<div class=\"elementor-element elementor-element-1c7d3c4 e-con-full e-flex e-con e-child\" data-id=\"1c7d3c4\" data-element_type=\"container\">\n\t\t\t\t<div class=\"elementor-element elementor-element-ba7dba2 elementor-widget__width-initial elementor-widget elementor-widget-heading\" data-id=\"ba7dba2\" data-element_type=\"widget\" data-widget_type=\"heading.default\">\n\t\t\t\t\t<h2 class=\"elementor-heading-title elementor-size-default\">Mattin Luku, artisan luthier pour accord\u00e9ons et trikitixas<\/h2>\t\t\t\t<\/div>\n\t\t<div class=\"elementor-element elementor-element-008ae74 e-con-full e-flex e-con e-child\" data-id=\"008ae74\" data-element_type=\"container\">\n\t\t<div class=\"elementor-element elementor-element-5079f5d e-con-full e-flex e-con e-child\" data-id=\"5079f5d\" data-element_type=\"container\">\n\t\t\t\t<div class=\"elementor-element elementor-element-657ed33 elementor-widget__width-initial elementor-widget elementor-widget-heading\" data-id=\"657ed33\" data-element_type=\"widget\" data-widget_type=\"heading.default\">\n\t\t\t\t\t<div class=\"elementor-heading-title elementor-size-default\">\u00c9tudes<\/div>\t\t\t\t<\/div>\n\t\t\t\t<div class=\"elementor-element elementor-element-45cc66f elementor-widget__width-initial elementor-widget elementor-widget-text-editor\" data-id=\"45cc66f\" data-element_type=\"widget\" data-widget_type=\"text-editor.default\">\n\t\t\t\t\t\t\t\t\t<p>Titulaire d\u2019un dipl\u00f4me d\u2019ing\u00e9nieur en \u00e9lectronique obtenu \u00e0 l\u2019\u00c9cole Polytechnique de Saint-S\u00e9bastien, j\u2019ai ensuite poursuivi ma formation \u00e0 l\u2019Institut Technologique Europ\u00e9en des M\u00e9tiers de la Musique (ITEMM) du Mans, en int\u00e9grant le CAP de technicien en instruments de musique, sp\u00e9cialit\u00e9 accord\u00e9ons.<\/p>\t\t\t\t\t\t\t\t<\/div>\n\t\t\t\t<\/div>\n\t\t<div class=\"elementor-element elementor-element-5f9319b e-con-full e-flex e-con e-child\" data-id=\"5f9319b\" data-element_type=\"container\">\n\t\t\t\t<div class=\"elementor-element elementor-element-24773ee elementor-widget__width-initial elementor-widget elementor-widget-heading\" data-id=\"24773ee\" data-element_type=\"widget\" data-widget_type=\"heading.default\">\n\t\t\t\t\t<div class=\"elementor-heading-title elementor-size-default\">Exp\u00e9rience<\/div>\t\t\t\t<\/div>\n\t\t\t\t<div class=\"elementor-element elementor-element-33dc8a1 elementor-widget__width-initial elementor-widget elementor-widget-text-editor\" data-id=\"33dc8a1\" data-element_type=\"widget\" data-widget_type=\"text-editor.default\">\n\t\t\t\t\t\t\t\t\t<p>Dans le cadre de ce parcours, j\u2019ai effectu\u00e9 diff\u00e9rents stages aupr\u00e8s de luthiers exp\u00e9riment\u00e9s, notamment Jos\u00e9 Mar\u00eda L\u00f3pez (Acordeones Dumboa, Irun) et Eric Callegari (Auch, Occitanie). J\u2019ai \u00e9galement travaill\u00e9 dans la fabrication d\u2019accord\u00e9ons aux c\u00f4t\u00e9s des luthiers Antoine Errotaberea (Escamps, Occitanie) et J\u00e9r\u00e9mie Vanglabeke (Roanne, Loire).<\/p>\t\t\t\t\t\t\t\t<\/div>\n\t\t\t\t<\/div>\n\t\t\t\t<\/div>\n\t\t\t\t<\/div>\n\t\t\t\t<\/div>\n\t\t\t\t<\/div>\n\t\t","protected":false},"excerpt":{"rendered":"<p>LUTHIER ACCORD\u00c9ON TRIKITIXA Dans mon atelier \u00e0 Urrugne, je prends en charge l\u2019entretien, la r\u00e9paration et l\u2019accordage d\u2019accord\u00e9ons et de trikitixa. J\u2019assure l\u2019installation de syst\u00e8mes de microphones internes, pour les musiciens souhaitant jouer amplifi\u00e9s. Un service de location et de vente d\u2019instruments d\u2019occasion est \u00e9galement propos\u00e9. Atelier R\u00e9glage et r\u00e9paration devos instruments 01 R\u00c9PARATION 02 [&hellip;]<\/p>\n","protected":false},"author":1,"featured_media":0,"parent":0,"menu_order":0,"comment_status":"closed","ping_status":"closed","template":"elementor_header_footer","meta":{"_acf_changed":false,"_seopress_robots_primary_cat":"","_seopress_titles_title":"Mattin Luku - Artisan luthier pour accord\u00e9ons et trikitixas","_seopress_titles_desc":"Atelier artisanal d\u2019accord\u00e9ons et trikitixas \u00e0 Urrugne : r\u00e9paration, accordage, fabrication, location et vente d\u2019instruments r\u00e9vis\u00e9s au Pays Basque.","_seopress_robots_index":"","footnotes":""},"class_list":["post-83","page","type-page","status-publish","hentry"],"acf":[],"_links":{"self":[{"href":"https:\/\/mattinluku.eus\/fr\/wp-json\/wp\/v2\/pages\/83","targetHints":{"allow":["GET"]}}],"collection":[{"href":"https:\/\/mattinluku.eus\/fr\/wp-json\/wp\/v2\/pages"}],"about":[{"href":"https:\/\/mattinluku.eus\/fr\/wp-json\/wp\/v2\/types\/page"}],"author":[{"embeddable":true,"href":"https:\/\/mattinluku.eus\/fr\/wp-json\/wp\/v2\/users\/1"}],"replies":[{"embeddable":true,"href":"https:\/\/mattinluku.eus\/fr\/wp-json\/wp\/v2\/comments?post=83"}],"version-history":[{"count":485,"href":"https:\/\/mattinluku.eus\/fr\/wp-json\/wp\/v2\/pages\/83\/revisions"}],"predecessor-version":[{"id":3142,"href":"https:\/\/mattinluku.eus\/fr\/wp-json\/wp\/v2\/pages\/83\/revisions\/3142"}],"wp:attachment":[{"href":"https:\/\/mattinluku.eus\/fr\/wp-json\/wp\/v2\/media?parent=83"}],"curies":[{"name":"wp","href":"https:\/\/api.w.org\/{rel}","templated":true}]}}